{"id":2096,"date":"2017-08-24T23:14:20","date_gmt":"2017-08-24T21:14:20","guid":{"rendered":"https:\/\/www.diemer-weine.com\/weinshop\/shop\/unkategorisiert\/spaetburgunder-rose\/"},"modified":"2025-05-19T08:14:51","modified_gmt":"2025-05-19T06:14:51","slug":"spaetburgunder-rose","status":"publish","type":"product","link":"https:\/\/www.diemer-weine.com\/weinshop\/shop\/rose\/spaetburgunder-rose\/","title":{"rendered":"Sp\u00e4tburgunder Ros\u00e9"},"content":{"rendered":"","protected":false},"excerpt":{"rendered":"<p>Tolles Bukett, fruchtiger lieblicher Ros\u00e9wein<\/p>\n","protected":false},"featured_media":2104,"comment_status":"open","ping_status":"closed","template":"","meta":[],"product_brand":[],"product_cat":[230],"product_tag":[],"class_list":{"0":"post-2096","1":"product","2":"type-product","3":"status-publish","4":"has-post-thumbnail","6":"product_cat-rose","7":"pa_erzeugerabfuellung-erzeugerabfuellung","8":"pa_erzeugerabfuellung-ea","10":"first","11":"instock","12":"taxable","13":"shipping-taxable","14":"purchasable","15":"product-type-simple"},"_links":{"self":[{"href":"https:\/\/www.diemer-weine.com\/weinshop\/wp-json\/wp\/v2\/product\/2096","targetHints":{"allow":["GET"]}}],"collection":[{"href":"https:\/\/www.diemer-weine.com\/weinshop\/wp-json\/wp\/v2\/product"}],"about":[{"href":"https:\/\/www.diemer-weine.com\/weinshop\/wp-json\/wp\/v2\/types\/product"}],"replies":[{"embeddable":true,"href":"https:\/\/www.diemer-weine.com\/weinshop\/wp-json\/wp\/v2\/comments?post=2096"}],"wp:featuredmedia":[{"embeddable":true,"href":"https:\/\/www.diemer-weine.com\/weinshop\/wp-json\/wp\/v2\/media\/2104"}],"wp:attachment":[{"href":"https:\/\/www.diemer-weine.com\/weinshop\/wp-json\/wp\/v2\/media?parent=2096"}],"wp:term":[{"taxonomy":"product_brand","embeddable":true,"href":"https:\/\/www.diemer-weine.com\/weinshop\/wp-json\/wp\/v2\/product_brand?post=2096"},{"taxonomy":"product_cat","embeddable":true,"href":"https:\/\/www.diemer-weine.com\/weinshop\/wp-json\/wp\/v2\/product_cat?post=2096"},{"taxonomy":"product_tag","embeddable":true,"href":"https:\/\/www.diemer-weine.com\/weinshop\/wp-json\/wp\/v2\/product_tag?post=2096"}],"curies":[{"name":"wp","href":"https:\/\/api.w.org\/{rel}","templated":true}]}}