{"id":2790,"date":"2022-06-29T14:03:43","date_gmt":"2022-06-29T12:03:43","guid":{"rendered":"https:\/\/www.diemer-weine.com\/weinshop\/?page_id=2790"},"modified":"2023-08-10T10:58:59","modified_gmt":"2023-08-10T08:58:59","slug":"newsletter-anmeldung","status":"publish","type":"page","link":"https:\/\/www.diemer-weine.com\/weinshop\/newsletter-anmeldung\/","title":{"rendered":"Newsletter-Anmeldung"},"content":{"rendered":"  \n  \n  <div class=\"\n    mailpoet_form_popup_overlay\n      \"><\/div>\n  <div\n    id=\"mailpoet_form_1\"\n    class=\"\n      mailpoet_form\n      mailpoet_form_html\n      mailpoet_form_position_\n      mailpoet_form_animation_\n    \"\n      >\n\n    <style type=\"text\/css\">\n     #mailpoet_form_1 .mailpoet_form {  }\n#mailpoet_form_1 .mailpoet_column_with_background { padding: 10px; }\n#mailpoet_form_1 .mailpoet_form_column:not(:first-child) { margin-left: 20px; }\n#mailpoet_form_1 .mailpoet_paragraph { line-height: 20px; margin-bottom: 20px; }\n#mailpoet_form_1 .mailpoet_segment_label, #mailpoet_form_1 .mailpoet_text_label, #mailpoet_form_1 .mailpoet_textarea_label, #mailpoet_form_1 .mailpoet_select_label, #mailpoet_form_1 .mailpoet_radio_label, #mailpoet_form_1 .mailpoet_checkbox_label, #mailpoet_form_1 .mailpoet_list_label, #mailpoet_form_1 .mailpoet_date_label { display: block; font-weight: normal; }\n#mailpoet_form_1 .mailpoet_text, #mailpoet_form_1 .mailpoet_textarea, #mailpoet_form_1 .mailpoet_select, #mailpoet_form_1 .mailpoet_date_month, #mailpoet_form_1 .mailpoet_date_day, #mailpoet_form_1 .mailpoet_date_year, #mailpoet_form_1 .mailpoet_date { display: block; }\n#mailpoet_form_1 .mailpoet_text, #mailpoet_form_1 .mailpoet_textarea { width: 200px; }\n#mailpoet_form_1 .mailpoet_checkbox {  }\n#mailpoet_form_1 .mailpoet_submit {  }\n#mailpoet_form_1 .mailpoet_divider {  }\n#mailpoet_form_1 .mailpoet_message {  }\n#mailpoet_form_1 .mailpoet_form_loading { width: 30px; text-align: center; line-height: normal; }\n#mailpoet_form_1 .mailpoet_form_loading > span { width: 5px; height: 5px; background-color: #5b5b5b; }#mailpoet_form_1{border-radius: 0px;text-align: left;}#mailpoet_form_1 form.mailpoet_form {padding: 20px;}#mailpoet_form_1{width: 100%;}#mailpoet_form_1 .mailpoet_message {margin: 0; padding: 0 20px;}#mailpoet_form_1 .mailpoet_paragraph.last {margin-bottom: 0} @media (max-width: 500px) {#mailpoet_form_1 {background-image: none;}} @media (min-width: 500px) {#mailpoet_form_1 .last .mailpoet_paragraph:last-child {margin-bottom: 0}}  @media (max-width: 500px) {#mailpoet_form_1 .mailpoet_form_column:last-child .mailpoet_paragraph:last-child {margin-bottom: 0}} \n    <\/style>\n\n    <form\n      target=\"_self\"\n      method=\"post\"\n      action=\"https:\/\/www.diemer-weine.com\/weinshop\/wp-admin\/admin-post.php?action=mailpoet_subscription_form\"\n      class=\"mailpoet_form mailpoet_form_form mailpoet_form_html\"\n      novalidate\n      data-delay=\"\"\n      data-exit-intent-enabled=\"\"\n      data-font-family=\"\"\n      data-cookie-expiration-time=\"\"\n    >\n      <input type=\"hidden\" name=\"data[form_id]\" value=\"1\" \/>\n      <input type=\"hidden\" name=\"token\" value=\"c418cc7db8\" \/>\n      <input type=\"hidden\" name=\"api_version\" value=\"v1\" \/>\n      <input type=\"hidden\" name=\"endpoint\" value=\"subscribers\" \/>\n      <input type=\"hidden\" name=\"mailpoet_method\" value=\"subscribe\" \/>\n\n      <label class=\"mailpoet_hp_email_label\" style=\"display: none !important;\">Bitte dieses Feld leer lassen<input type=\"email\" name=\"data[email]\"\/><\/label><div class=\"mailpoet_paragraph \"><label for=\"form_first_name_1\" class=\"mailpoet_text_label\"  data-automation-id=\"form_first_name_label\" >Vorname<\/label><input type=\"text\" autocomplete=\"given-name\" class=\"mailpoet_text\" id=\"form_first_name_1\" name=\"data[form_field_ZTEzMjhlYzJjOTE0X2ZpcnN0X25hbWU=]\" title=\"Vorname\" value=\"\" style=\"width:100%;box-sizing:border-box;padding:5px;margin: 0 auto 0 0;\" data-automation-id=\"form_first_name\" data-parsley-errors-container=\".mailpoet_error_8fq1k\" data-parsley-names='[&quot;Bitte gib einen g\u00fcltigen Namen an.&quot;,&quot;Adressen in Namen sind nicht erlaubt, bitte f\u00fcge stattdessen deinen Namen hinzu.&quot;]'\/><span class=\"mailpoet_error_8fq1k\"><\/span><\/div>\n<div class=\"mailpoet_paragraph \"><label for=\"form_last_name_1\" class=\"mailpoet_text_label\"  data-automation-id=\"form_last_name_label\" >Nachname<\/label><input type=\"text\" autocomplete=\"family-name\" class=\"mailpoet_text\" id=\"form_last_name_1\" name=\"data[form_field_MzdiMjZjNWIwZGQ0X2xhc3RfbmFtZQ==]\" title=\"Nachname\" value=\"\" style=\"width:100%;box-sizing:border-box;padding:5px;margin: 0 auto 0 0;\" data-automation-id=\"form_last_name\" data-parsley-errors-container=\".mailpoet_error_1o6ho\" data-parsley-names='[&quot;Bitte gib einen g\u00fcltigen Namen an.&quot;,&quot;Adressen in Namen sind nicht erlaubt, bitte f\u00fcge stattdessen deinen Namen hinzu.&quot;]'\/><span class=\"mailpoet_error_1o6ho\"><\/span><\/div>\n<div class=\"mailpoet_paragraph \"><label for=\"form_email_1\" class=\"mailpoet_text_label\"  data-automation-id=\"form_email_label\" >E-Mail-Adresse&nbsp;<span class=\"mailpoet_required\" aria-hidden=\"true\">*<\/span><\/label><input type=\"email\" autocomplete=\"email\" class=\"mailpoet_text\" id=\"form_email_1\" name=\"data[form_field_Mjc1MjgzMTI0MGM1X2VtYWls]\" title=\"E-Mail-Adresse\" value=\"\" style=\"width:100%;box-sizing:border-box;padding:5px;margin: 0 auto 0 0;\" data-automation-id=\"form_email\" data-parsley-errors-container=\".mailpoet_error_1cz5k\" data-parsley-required=\"true\" required aria-required=\"true\" data-parsley-minlength=\"6\" data-parsley-maxlength=\"150\" data-parsley-type-message=\"Dieser Wert sollte eine g\u00fcltige E-Mail-Adresse sein.\" data-parsley-required-message=\"Dieses Feld wird ben\u00f6tigt.\"\/><span class=\"mailpoet_error_1cz5k\"><\/span><\/div>\n<div class=\"mailpoet_paragraph \"><fieldset><input type=\"hidden\" value=\"1\"  name=\"data[cf_1]\" \/><label class=\"mailpoet_checkbox_label\" for=\"mailpoet_checkbox_2\" ><input type=\"checkbox\" class=\"mailpoet_checkbox\" id=\"mailpoet_checkbox_2\" name=\"data[cf_1]\" value=\"1\" data-parsley-errors-container=\".mailpoet_error_1ianr\" data-parsley-required=\"true\" required aria-required=\"true\" data-parsley-required-message=\"Dieses Feld wird ben\u00f6tigt.\" data-parsley-group=\"custom_field_1\" \/> Zustimmung zur Datenspeicherung *<\/label><\/fieldset><span class=\"mailpoet_error_1ianr\"><\/span><\/div>\n<div class=\"mailpoet_paragraph \" >Ja, ich m\u00f6chte Ihren Newsletter gerne kostenfrei per E-Mail bekommen und stimme zu, dass meine Angaben zu diesem Zweck verwendet und gespeichert werden. Ich habe die <a href=\"https:\/\/www.diemer-weine.com\/datenschutz.html\">Datenschutzhinweise<\/a> und die Hinweise unten gelesen und akzeptiere sie. Ich wei\u00df, dass ich meine Zustimmung jederzeit widerrufen und mich von dem Newsletter wieder abmelden kann. <\/div>\n<div class=\"mailpoet_paragraph \"><input type=\"submit\" class=\"mailpoet_submit\" value=\"Abonnieren!\" data-automation-id=\"subscribe-submit-button\" style=\"width:100%;box-sizing:border-box;padding:5px;margin: 0 auto 0 0;border-color:transparent;\" \/><span class=\"mailpoet_form_loading\"><span class=\"mailpoet_bounce1\"><\/span><span class=\"mailpoet_bounce2\"><\/span><span class=\"mailpoet_bounce3\"><\/span><\/span><\/div>\n\n      <div class=\"mailpoet_message\">\n        <p class=\"mailpoet_validate_success\"\n                style=\"display:none;\"\n                >Pr\u00fcfe deinen Posteingang oder Spam-Ordner, um dein Abonnement zu best\u00e4tigen.\n        <\/p>\n        <p class=\"mailpoet_validate_error\"\n                style=\"display:none;\"\n                >        <\/p>\n      <\/div>\n    <\/form>\n\n      <\/div>\n\n  \r\n\r\n\r\n<h2 class=\"has-text-align-left wp-block-heading\">Wichtige Informationen zu unserem Newsletter<\/h2>\r\n\r\n\r\n\r\n<h3 class=\"wp-block-heading\">Ihre Daten<\/h3>\r\n\r\n\r\n\r\n<p>Zur Anmeldung zu unserem Newsletter ben\u00f6tigen wir nur Ihre E-Mail-Adresse. Wenn Sie uns aber Ihren Namen verraten, k\u00f6nnen wir Sie besser ansprechen. Ihre Daten werden ausschlie\u00dflich zum Versand des Newsletters verwendet und nicht an Dritte zu Werbezwecken weitergegeben.<\/p>\r\n\r\n\r\n\r\n<h3 class=\"wp-block-heading\">Double-Opt-in und Abmeldung<\/h3>\r\n\r\n\r\n\r\n<p>Sie erhalten nach Ihrer Anmeldung von uns eine E-Mail mit einem Best\u00e4tigungslink. Erst nach der Best\u00e4tigung Ihrer Anmeldung werden Sie in unserem Verteiler eingetragen. Sie k\u00f6nnen sich jederzeit wieder abmelden, jeder Newsletter enth\u00e4lt dazu einen Abmeldelink. Nat\u00fcrlich k\u00f6nnen Sie sich auch gerne telefonisch, postalisch, per Fax oder E-Mail an <a href=\"mailto:info@diemer-weine.com\">info@diemer-weine.com<\/a> abmelden. Im Falle Ihrer Abmeldung l\u00f6schen wir Ihre Daten und verwenden Sie nicht f\u00fcr andere Zwecke.<\/p>\r\n\r\n\r\n\r\n<h3 class=\"wp-block-heading\">Serverstandort EU<\/h3>\r\n\r\n\r\n\r\n<p>Zur Verarbeitung unseres Newsletters arbeiten wir mit Mailpoet zusammen. Das Unternehmen h\u00e4lt die gesetzlichen Vorgaben des Bundesdatenschutzgesetzes (BDSG) sowie der europ\u00e4ischen Datenschutzgrundverordnung (DSGVO) ein und unterh\u00e4lt seine Serverstandorte in der EU (Frankreich), \u00fcbertr\u00e4gt aber auch Daten zum Mutterkonzern Automattic in die USA. Weitere Hinweise dazu finden Sie in unserer <a href=\"https:\/\/www.diemer-weine.com\/datenschutz.html\">Datenschutzerkl\u00e4rung<\/a>.<\/p>\r\n\r\n\r\n\r\n<h3 class=\"wp-block-heading\">Statistiken<\/h3>\r\n\r\n\r\n\r\n<p>Zur Verbesserung unseres Service werten wir aus, wie h\u00e4ufig unser Newsletter ge\u00f6ffnet wird und welche Links geklickt werden. Das hilft uns dabei, unsere Inhalte besser Ihren W\u00fcnschen anzupassen und den Newsletter f\u00fcr Sie interessanter zu gestalten. Detaillierte Informationen zum Umgang mit Ihren Daten finden Sie in unseren <a href=\"https:\/\/www.diemer-weine.com\/datenschutz.html\">Datenschutzhinweisen<\/a>.<\/p>\r\n\r\n\r\n\r\n<h3 class=\"wp-block-heading\">H\u00e4ufigkeit<\/h3>\r\n\r\n\r\n\r\n<p>Wir versenden unseren Newsletter unregelm\u00e4\u00dfig, mindestens aber drei Mal und maximal 20 Mal j\u00e4hrlich. Die H\u00e4ufigkeit der Aussendung ist abh\u00e4ngig von der Anzahl und Dringlichkeit relevanter Themen.<\/p>\r\n","protected":false},"excerpt":{"rendered":"<p>Wichtige Informationen zu unserem Newsletter Ihre Daten Zur Anmeldung zu unserem Newsletter ben\u00f6tigen wir nur Ihre E-Mail-Adresse. Wenn Sie uns aber Ihren Namen verraten, k\u00f6nnen wir Sie besser ansprechen. Ihre Daten werden ausschlie\u00dflich zum Versand des Newsletters verwendet und nicht an Dritte zu Werbezwecken weitergegeben. Double-Opt-in und Abmeldung Sie erhalten nach Ihrer Anmeldung von uns [&hellip;]<\/p>\n","protected":false},"author":136,"featured_media":0,"parent":0,"menu_order":0,"comment_status":"closed","ping_status":"closed","template":"page_fullwidth.php","meta":{"footnotes":""},"class_list":["post-2790","page","type-page","status-publish","hentry"],"_links":{"self":[{"href":"https:\/\/www.diemer-weine.com\/weinshop\/wp-json\/wp\/v2\/pages\/2790","targetHints":{"allow":["GET"]}}],"collection":[{"href":"https:\/\/www.diemer-weine.com\/weinshop\/wp-json\/wp\/v2\/pages"}],"about":[{"href":"https:\/\/www.diemer-weine.com\/weinshop\/wp-json\/wp\/v2\/types\/page"}],"author":[{"embeddable":true,"href":"https:\/\/www.diemer-weine.com\/weinshop\/wp-json\/wp\/v2\/users\/136"}],"replies":[{"embeddable":true,"href":"https:\/\/www.diemer-weine.com\/weinshop\/wp-json\/wp\/v2\/comments?post=2790"}],"version-history":[{"count":4,"href":"https:\/\/www.diemer-weine.com\/weinshop\/wp-json\/wp\/v2\/pages\/2790\/revisions"}],"predecessor-version":[{"id":3007,"href":"https:\/\/www.diemer-weine.com\/weinshop\/wp-json\/wp\/v2\/pages\/2790\/revisions\/3007"}],"wp:attachment":[{"href":"https:\/\/www.diemer-weine.com\/weinshop\/wp-json\/wp\/v2\/media?parent=2790"}],"curies":[{"name":"wp","href":"https:\/\/api.w.org\/{rel}","templated":true}]}}