{"id":1590,"date":"2016-01-08T13:34:39","date_gmt":"2016-01-08T12:34:39","guid":{"rendered":"https:\/\/www.diemer-weine.com\/weinshop\/?page_id=1590"},"modified":"2025-07-24T10:21:13","modified_gmt":"2025-07-24T08:21:13","slug":"agb","status":"publish","type":"page","link":"https:\/\/www.diemer-weine.com\/weinshop\/agb\/","title":{"rendered":"AGB"},"content":{"rendered":"<h3>Allgemeine Gesch\u00e4ftsbedingungen<br \/>\nF\u00fcr Weinbestellungen &#8211; HIER ZUM <a href=\"https:\/\/www.diemer-weine.com\/weinshop\/wp-content\/uploads\/2025\/07\/Weingut-Diemer-AGB.pdf\" target=\"_blank\" rel=\"noopener\">DOWNLOAD<\/a><\/h3>\n<p>im \u201eWeingut Andreas Diemer, Inhaber Andreas Diemer<\/p>\n<h4>Inhaltsverzeichnis<\/h4>\n<p>1. Geltungsbereich<br \/>\n2. Vertragsschluss, Jugendschutz<br \/>\n3. Widerrufsrecht<br \/>\n4. Preise und Zahlungsbedingungen<br \/>\n5. Liefer- und Versandbedingungen<br \/>\n6. Eigentumsvorbehalt<br \/>\n7. M\u00e4ngelhaftung (Gew\u00e4hrleistung)<br \/>\n8. Haftungsbeschr\u00e4nkungen im Verkehr mit Unternehmern<br \/>\n9. Anwendbares Recht<br \/>\n10. Gerichtsstand<br \/>\n11. Sonstiges<\/p>\n<p><strong>1) Geltungsbereich<\/strong><br \/>\n1.1 Diese Allgemeinen Gesch\u00e4ftsbedingungen (nachfolgend &amp;quot;AGB&amp;quot;) des Weingutes Andreas<br \/>\nDiemer, Lauthersheimer Stra\u00dfe 12, 67280 Ebertsheim, (nachfolgend &amp;quot;Verk\u00e4ufer&amp;quot;), gelten f\u00fcr alle<br \/>\nVertr\u00e4ge \u00fcber die Lieferung von Waren, die ein Verbraucher oder Unternehmer (nachfolgend<br \/>\n\u201eKunde\u201c) mit dem Verk\u00e4ufer hinsichtlich der vom Verk\u00e4ufer in seinem Online-Shop dargestellten<br \/>\nWaren abschlie\u00dft. Hiermit wird der Einbeziehung von eigenen Bedingungen des Kunden<br \/>\nwidersprochen, es sei denn, es ist etwas anderes vereinbart.<br \/>\n1.2 Verbraucher im Sinne dieser AGB ist jede nat\u00fcrliche Person, die ein Rechtsgesch\u00e4ft zu<br \/>\nZwecken abschlie\u00dft, die \u00fcberwiegend weder ihrer gewerblichen noch ihrer selbst\u00e4ndigen<br \/>\nberuflichen T\u00e4tigkeit zugerechnet werden k\u00f6nnen. Unternehmer im Sinne dieser AGB ist eine<br \/>\nnat\u00fcrliche oder juristische Person oder eine rechtsf\u00e4hige Personengesellschaft, die bei Abschluss<br \/>\neines Rechtsgesch\u00e4fts in Aus\u00fcbung ihrer gewerblichen oder selbst\u00e4ndigen beruflichen T\u00e4tigkeit<br \/>\nhandelt.<\/p>\n<p><strong>2) Vertragsschluss, Jugendschutz<\/strong><br \/>\n2.1 Die im Online-Shop des Verk\u00e4ufers enthaltenen Produktbeschreibungen stellen keine<br \/>\nverbindlichen Angebote seitens des Verk\u00e4ufers dar, sondern dienen zur Abgabe eines<br \/>\nverbindlichen Angebots durch den Kunden.<br \/>\n2.2 Der Kunde kann das Angebot \u00fcber das in den Online-Shop des Verk\u00e4ufers integrierte Online-<br \/>\nBestellformular abgeben. Dabei gibt der Kunde, nachdem er die ausgew\u00e4hlten Waren in den<br \/>\nvirtuellen Warenkorb gelegt und den elektronischen Bestellprozess durchlaufen hat, durch Klicken<br \/>\ndes den Bestellvorgang abschlie\u00dfenden Buttons ein rechtlich verbindliches Vertragsangebot in<br \/>\nBezug auf die im Warenkorb enthaltenen Waren ab. Ferner kann der Kunde das Angebot auch<br \/>\ntelefonisch, per Fax, per E-Mail, postalisch oder per Online-Kontaktformular gegen\u00fcber dem<br \/>\nVerk\u00e4ufer abgeben.<br \/>\n2.3 Der Verk\u00e4ufer kann das Angebot des Kunden innerhalb von f\u00fcnf Tagen annehmen,<br \/>\n&#8211; indem er dem Kunden eine schriftliche Auftragsbest\u00e4tigung oder eine Auftragsbest\u00e4tigung in<br \/>\nTextform (Fax oder E-Mail) \u00fcbermittelt, wobei insoweit der Zugang der Auftragsbest\u00e4tigung beim<br \/>\nKunden ma\u00dfgeblich ist, oder<br \/>\n&#8211; indem er dem Kunden die bestellte Ware liefert, wobei insoweit der Zugang der Ware beim<br \/>\nKunden ma\u00dfgeblich ist, oder<br \/>\n&#8211; indem er den Kunden nach Abgabe von dessen Bestellung zur Zahlung auffordert.<br \/>\nLiegen mehrere der vorgenannten Alternativen vor, kommt der Vertrag in dem Zeitpunkt zustande,<br \/>\nin dem eine der vorgenannten Alternativen zuerst eintritt. Die Frist zur Annahme des Angebots<br \/>\nbeginnt am Tag nach der Absendung des Angebots durch den Kunden zu laufen und endet mit dem Ablauf des f\u00fcnften Tages, welcher auf die Absendung des Angebots folgt. Nimmt der Verk\u00e4ufer das Angebot des Kunden innerhalb vorgenannter Frist nicht an, so gilt dies als<br \/>\nAblehnung des Angebots mit der Folge, dass der Kunde nicht mehr an seine Willenserkl\u00e4rung<br \/>\ngebunden ist.<br \/>\n2.4 Bei Auswahl einer von PayPal angebotenen Zahlungsart erfolgt die Zahlungsabwicklung \u00fcber<br \/>\nden Zahlungsdienstleister PayPal (Europe) S.\u00e0 r.l. et Cie, S.C.A., 22-24 Boulevard Royal, L-2449<br \/>\nLuxembourg (im Folgenden: \u201ePayPal\u201c), unter Geltung der PayPal-Nutzungsbedingungen,<br \/>\neinsehbar unter https:\/\/www.paypal.com\/de\/webapps\/mpp\/ua\/useragreement-full oder &#8211; falls der<br \/>\nKunde nicht \u00fcber ein PayPal-Konto verf\u00fcgt \u2013 unter Geltung der Bedingungen f\u00fcr Zahlungen ohne<br \/>\nPayPal-Konto, einsehbar unter https:\/\/www.paypal.com\/de\/webapps\/mpp\/ua\/privacywax-full. Zahlt<br \/>\nder Kunde mittels einer im Online-Bestellvorgang ausw\u00e4hlbaren von PayPal angebotenen<br \/>\nZahlungsart, erkl\u00e4rt der Verk\u00e4ufer schon jetzt die Annahme des Angebots des Kunden in dem<br \/>\nZeitpunkt, in dem der Kunde den den Bestellvorgang abschlie\u00dfenden Button anklickt.<br \/>\n2.5 Bei der Abgabe eines Angebots \u00fcber das Online-Bestellformular des Verk\u00e4ufers wird der<br \/>\nVertragstext nach dem Vertragsschluss vom Verk\u00e4ufer gespeichert und dem Kunden nach<br \/>\nAbsendung von dessen Bestellung in Textform (z. B. E-Mail, Fax oder Brief) \u00fcbermittelt. Eine<br \/>\ndar\u00fcber hinausgehende Zug\u00e4nglichmachung des Vertragstextes durch den Verk\u00e4ufer erfolgt nicht.<br \/>\nSofern der Kunde vor Absendung seiner Bestellung ein Nutzerkonto im Online-Shop des<br \/>\nVerk\u00e4ufers eingerichtet hat, werden die Bestelldaten auf der Website des Verk\u00e4ufers archiviert und<br \/>\nk\u00f6nnen vom Kunden \u00fcber dessen passwortgesch\u00fctztes Nutzerkonto unter Angabe der<br \/>\nentsprechenden Login-Daten kostenlos abgerufen werden.<br \/>\n2.6 Vor verbindlicher Abgabe der Bestellung \u00fcber das Online-Bestellformular des Verk\u00e4ufers kann<br \/>\nder Kunde m\u00f6gliche Eingabefehler durch aufmerksames Lesen der auf dem Bildschirm<br \/>\ndargestellten Informationen erkennen. Ein wirksames technisches Mittel zur besseren Erkennung<br \/>\nvon Eingabefehlern kann dabei die Vergr\u00f6\u00dferungsfunktion des Browsers sein, mit deren Hilfe die<br \/>\nDarstellung auf dem Bildschirm vergr\u00f6\u00dfert wird. Seine Eingaben kann der Kunde im Rahmen des<br \/>\nelektronischen Bestellprozesses so lange \u00fcber die \u00fcblichen Tastatur- und Mausfunktionen<br \/>\nkorrigieren, bis er den den Bestellvorgang abschlie\u00dfenden Button anklickt.<br \/>\n2.7 F\u00fcr den Vertragsschluss steht ausschlie\u00dflich die deutsche Sprache zur Verf\u00fcgung.<br \/>\n2.8 Die Bestellabwicklung und Kontaktaufnahme finden in der Regel per E-Mail und automatisierter<br \/>\nBestellabwicklung statt. Der Kunde hat sicherzustellen, dass die von ihm zur Bestellabwicklung<br \/>\nangegebene E-Mail-Adresse zutreffend ist, so dass unter dieser Adresse die vom Verk\u00e4ufer<br \/>\nversandten E-Mails empfangen werden k\u00f6nnen. Insbesondere hat der Kunde bei dem Einsatz von<br \/>\nSPAM-Filtern sicherzustellen, dass alle vom Verk\u00e4ufer oder von diesem mit der Bestellabwicklung<br \/>\nbeauftragten Dritten versandten E-Mails zugestellt werden k\u00f6nnen.<br \/>\n2.9 Bei einer Bestellung von alkoholischen Getr\u00e4nken best\u00e4tigt der Kunde mit Absenden der<br \/>\nBestellung, dass er das gesetzlich erforderliche Mindestalter erreicht hat. Der Verk\u00e4ufer stellt unter<br \/>\nEinbeziehung eines Altersverifikationssystems sicher, dass der Kunde das gesetzlich erforderliche<br \/>\nMindestalter erreicht hat. Eine \u00dcbergabe der Ware erfolgt daher nur bei vorheriger erfolgreicher<br \/>\nPr\u00fcfung des Alters und einer Authentifizierung des Kunden.<br \/>\n2.9 Entsprechend dem Jugendschutzgesetz liefern wir alkoholische Getr\u00e4nke nur an Personen ab<br \/>\ndem vollendeten 18. Lebensjahr. Wir behalten uns eine jeweilige Pr\u00fcfung vor. Mit dem Anklicken<br \/>\nder Check-Box und dem Akzeptieren unserer AGB im Rahmen des Bestellvorgangs erkl\u00e4ren Sie,<br \/>\ndass Sie vollj\u00e4hrig und voll gesch\u00e4ftsf\u00e4hig sind. Sie versichern mit dem Absenden der Bestellung,<br \/>\n\u00fcber 18 Jahre alt zu sein und dass alle Alters-, Namens- und Adress-Angaben richtig sind. Als<br \/>\nKunde sind Sie verpflichtet daf\u00fcr Sorge zu tragen, dass nur Sie selbst oder eine von Ihnen<br \/>\nerm\u00e4chtigte vollj\u00e4hrige Person die Warenlieferung entgegennehmen kann.<br \/>\nIm Rahmen der Auslieferung wird eine zus\u00e4tzliche Altersverifikation durch den Versanddienstleister<br \/>\nerfolgen, sofern die Person, die die Lieferung in Empfang nimmt, hierzu begr\u00fcndeten Anlass liefert.<br \/>\nEine Abgabe der bestellten Ware an Personen unter 18 Jahren findet nicht statt. Sollte die<br \/>\nLieferung infolge der Altersverifikation an der Haust\u00fcr nicht \u00fcbergeben werden k\u00f6nnen, haben Sie<br \/>\ndie Mehrkosten f\u00fcr die R\u00fccksendung der Bestellung zu tragen.<\/p>\n<p><strong>3) Widerrufsrecht<\/strong><br \/>\n3.1 Verbrauchern steht grunds\u00e4tzlich ein Widerrufsrecht zu.<br \/>\n3.2 N\u00e4here Informationen zum Widerrufsrecht ergeben sich aus der Widerrufsbelehrung des<br \/>\nVerk\u00e4ufers.<\/p>\n<p><strong>4) Preise und Zahlungsbedingungen<\/strong><br \/>\n4.1 Sofern sich aus der Produktbeschreibung des Verk\u00e4ufers nichts anderes ergibt, handelt es sich<br \/>\nbei den angegebenen Preisen um Gesamtpreise, die die gesetzliche Umsatzsteuer enthalten.<br \/>\nGegebenenfalls zus\u00e4tzlich anfallende Liefer- und Versandkosten werden in der jeweiligen<br \/>\nProduktbeschreibung gesondert angegeben.<br \/>\n4.2 Bei Lieferungen in L\u00e4nder au\u00dferhalb der Europ\u00e4ischen Union k\u00f6nnen im Einzelfall weitere<br \/>\nKosten anfallen, die der Verk\u00e4ufer nicht zu vertreten hat und die vom Kunden zu tragen sind.<br \/>\nHierzu z\u00e4hlen beispielsweise Kosten f\u00fcr die Geld\u00fcbermittlung durch Kreditinstitute (z.B.<br \/>\n\u00dcberweisungsgeb\u00fchren, Wechselkursgeb\u00fchren) oder einfuhrrechtliche Abgaben bzw. Steuern<br \/>\n(z.B. Z\u00f6lle). Solche Kosten k\u00f6nnen in Bezug auf die Geld\u00fcbermittlung auch dann anfallen, wenn<br \/>\ndie Lieferung nicht in ein Land au\u00dferhalb der Europ\u00e4ischen Union erfolgt, der Kunde die Zahlung<br \/>\naber von einem Land au\u00dferhalb der Europ\u00e4ischen Union aus vornimmt.<br \/>\n4.3 Die Zahlungsm\u00f6glichkeit\/en wird\/werden dem Kunden im Online-Shop des Verk\u00e4ufers<br \/>\nmitgeteilt.<\/p>\n<p><strong>5) Liefer- und Versandbedingungen<\/strong><br \/>\n5.1 Die Lieferung von Waren erfolgt auf dem Versandweg an die vom Kunden angegebene<br \/>\nLieferanschrift, sofern nichts anderes vereinbart ist. Bei der Abwicklung der Transaktion ist die in<br \/>\nder Bestellabwicklung des Verk\u00e4ufers angegebene Lieferanschrift ma\u00dfgeblich.<br \/>\n5.2 Bei Waren, die per Spedition geliefert werden, erfolgt die Lieferung &amp;quot;frei Bordsteinkante&amp;quot;, also<br \/>\nbis zu der der Lieferadresse n\u00e4chst gelegenen \u00f6ffentlichen Bordsteinkante, sofern sich aus den<br \/>\nVersandinformationen im Online-Shop des Verk\u00e4ufers nichts anderes ergibt und sofern nichts<br \/>\nanderes vereinbart ist.<br \/>\n5.3 Scheitert die Zustellung der Ware aus Gr\u00fcnden, die der Kunde zu vertreten hat, tr\u00e4gt der<br \/>\nKunde die dem Verk\u00e4ufer hierdurch entstehenden angemessenen Kosten. Dies gilt im Hinblick auf<br \/>\ndie Kosten f\u00fcr die Hinsendung nicht, wenn der Kunde sein Widerrufsrecht wirksam aus\u00fcbt. F\u00fcr die<br \/>\nR\u00fccksendekosten gilt bei wirksamer Aus\u00fcbung des Widerrufsrechts durch den Kunden die in der<br \/>\nWiderrufsbelehrung des Verk\u00e4ufers hierzu getroffene Regelung.<br \/>\n5.4 Bei Selbstabholung informiert der Verk\u00e4ufer den Kunden zun\u00e4chst per E-Mail dar\u00fcber, dass die<br \/>\nvon ihm bestellte Ware zur Abholung bereit steht. Nach Erhalt dieser E-Mail kann der Kunde die<br \/>\nWare nach Absprache mit dem Verk\u00e4ufer am Sitz des Verk\u00e4ufers abholen. In diesem Fall werden<br \/>\nkeine Versandkosten berechnet.<\/p>\n<p><strong>6) Eigentumsvorbehalt<\/strong><br \/>\nTritt der Verk\u00e4ufer in Vorleistung, beh\u00e4lt er sich bis zur vollst\u00e4ndigen Bezahlung des geschuldeten<br \/>\nKaufpreises das Eigentum an der gelieferten Ware vor.<\/p>\n<p><strong>7) M\u00e4ngelhaftung (Gew\u00e4hrleistung)<\/strong><br \/>\n7.1 Handelt der K\u00e4ufer als Verbraucher gilt folgendes:<br \/>\n\uf0b7 Ist die Kaufsache mangelhaft, gelten f\u00fcr den Verbraucher die Vorschriften der gesetzlichen<br \/>\nM\u00e4ngelhaftung.<br \/>\n\uf0b7 Der Kunde wird er gebeten, angelieferte Waren mit offensichtlichen Transportsch\u00e4den bei<br \/>\ndem Zusteller zu reklamieren und den Verk\u00e4ufer hiervon in Kenntnis zu setzen. Kommt der<br \/>\nKunde dem nicht nach, hat dies keinerlei Auswirkungen auf seine gesetzlichen oder<br \/>\nvertraglichen M\u00e4ngelanspr\u00fcche.<br \/>\n7.2 Handelt der K\u00e4ufer als Unternehmer gilt folgendes:<br \/>\n\uf0b7 Gelieferte Waren sind vom Kunden, soweit dies nach ordnungsm\u00e4\u00dfigem Gesch\u00e4ftsgange<br \/>\ntunlich ist, unverz\u00fcglich nach Ablieferung zu untersuchen. Wenn sich ein Mangel zeigt, ist<\/p>\n<p>uns unverz\u00fcglich Anzeige zu machen. Unterl\u00e4sst der Kunde die Anzeige, so gilt die Ware<br \/>\nals genehmigt, es sei denn, dass es sich um einen Mangel handelt, der bei der<br \/>\nUntersuchung nicht erkennbar war. Zeigt sich sp\u00e4ter ein solcher Mangel, so muss die<br \/>\nAnzeige unverz\u00fcglich nach der Entdeckung gemacht werden, anderenfalls gilt die Ware<br \/>\nauch in Ansehung dieses Mangels als genehmigt. \u00a7 377 HGB bleibt unber\u00fchrt. Seiner<br \/>\nUntersuchungspflicht ist der Kunde auch im Falle des R\u00fcckgriffes des Unternehmers nach<br \/>\n\u00a7 478 BGB nicht enthoben. Zeigt er in solchen F\u00e4llen den von seinem Abnehmer geltend<br \/>\ngemachten Mangel nicht sofort an, so gilt die Ware auch in Ansehung dieses Mangels als<br \/>\ngenehmigt.<br \/>\n\uf0b7 Soweit ein Mangel vorliegt, sind wir unter Ber\u00fccksichtigung der Art des Mangels und der<br \/>\nberechtigten Interessen des Kunden berechtigt, die Art der Nacherf\u00fcllung zu bestimmen.<br \/>\nEine Nacherf\u00fcllung gilt bei diesen Vertr\u00e4gen nach dem erfolglosen dritten Versuch als<br \/>\nfehlgeschlagen. Diese Ziffer gilt nicht im Fall des R\u00fcckgriffes nach \u00a7 478 BGB.<br \/>\n\uf0b7 Im Fall der Nacherf\u00fcllung bei M\u00e4ngeln sind wir nur insoweit verpflichtet, die hierf\u00fcr<br \/>\nerforderlichen Aufwendungen, insbesondere Transport-, Wege,- Arbeits- und<br \/>\nMaterialkosten zu tragen, als sich diese nicht dadurch erh\u00f6hen, dass die Sache an einen<br \/>\nanderen Ort als den Sitz oder die gewerbliche Niederlassung des Kunden, an die geliefert<br \/>\nwurde, verbracht wurde. Diese Ziffer gilt nicht im Fall des R\u00fcckgriffes nach \u00a7 478 BGB.<br \/>\n\uf0b7 Die M\u00e4ngelanspr\u00fcche des Kunden einschlie\u00dflich der Schadensersatzanspr\u00fcche verj\u00e4hren<br \/>\nin einem Jahr. Dies gilt nicht im Fall des R\u00fcckgriffs nach \u00a7 478 BGB, dies gilt ferner nicht in<br \/>\nden F\u00e4llen der \u00a7\u00a7 438 Abs. 1 Nr. 2 BGB sowie des \u00a7 634a Abs. 1 Nr. 2 BGB. Dies gilt auch<br \/>\nnicht f\u00fcr Schadensersatzanspr\u00fcche wegen Verletzung des Lebens, des K\u00f6rpers oder der<br \/>\nGesundheit oder aufgrund einer grob fahrl\u00e4ssigen oder vors\u00e4tzlichen Pflichtverletzung<br \/>\ndurch uns oder unsere Erf\u00fcllungsgehilfen.<br \/>\n\uf0b7 Im Rechtsverkehr mit Unternehmen besteht bei der Nacherf\u00fcllung die Wahl zwischen der<br \/>\nBeseitigung eines Mangels oder der Lieferung einer mangelfreien Sache. Der Anspruch<br \/>\ndes Unternehmers wegen M\u00e4ngel der Ware verj\u00e4hren nach einem Jahr.<br \/>\n\uf0b7 F\u00fcr Kaufleute gelten die Untersuchungs- und R\u00fcgefristen gem\u00e4\u00df \u00a7 377 HGB.<\/p>\n<p><strong>8) Haftungsbeschr\u00e4nkungen im Verkehr mit Unternehmern<\/strong><br \/>\nIn allen F\u00e4llen, in denen wir im Verkehr mit Unternehmern aufgrund vertraglicher oder gesetzlicher<br \/>\nAnspruchsgrundlagen zum Schadens- und Aufwendungsersatz verpflichtet sind, haften wir nur,<br \/>\nsoweit uns, unseren leitenden Angestellten oder Erf\u00fcllungsgehilfen Vorsatz, grobe Fahrl\u00e4ssigkeit,<br \/>\noder eine Verletzung von Leben, K\u00f6rper oder Gesundheit zur Last f\u00e4llt.<br \/>\nUnber\u00fchrt bleibt die verschuldensunabh\u00e4ngige Haftung nach dem Produkthaftungsgesetz.<br \/>\nUnber\u00fchrt bleibt auch die Haftung f\u00fcr die schuldhafte Verletzung wesentlicher Vertragspflichten; die<br \/>\nHaftung ist insoweit jedoch au\u00dfer in den F\u00e4llen der S\u00e4tze 1 und 2 auf den vorhersehbaren,<br \/>\nvertragstypischen Schaden beschr\u00e4nkt. Eine \u00c4nderung der Beweislast zum Nachteil des K\u00e4ufers<br \/>\nist mit den vorstehenden Regelungen nicht verbunden<br \/>\n9) Anwendbares Recht<br \/>\nF\u00fcr s\u00e4mtliche Rechtsbeziehungen der Parteien gilt das Recht der Bundesrepublik Deutschland<br \/>\nunter Ausschluss der Gesetze \u00fcber den internationalen Kauf beweglicher Waren. Bei Verbrauchern<br \/>\ngilt diese Rechtswahl nur insoweit, als nicht der gew\u00e4hrte Schutz durch zwingende Bestimmungen<br \/>\ndes Rechts des Staates, in dem der Verbraucher seinen gew\u00f6hnlichen Aufenthalt hat, entzogen<br \/>\nwird.<\/p>\n<p><strong>10) Gerichtsstand<\/strong><br \/>\nFalls der K\u00e4ufer Unternehmer oder eine juristische Person des \u00f6ffentlichen Rechts ist, gilt als<br \/>\nGerichtsstand Landau als vereinbart.<\/p>\n<p><strong>11) Sonstiges<\/strong><br \/>\nSind eine oder mehrere Regelungen dieser AGB unwirksam, so bleibt der Vertrag im \u00dcbrigen<br \/>\nwirksam. Soweit die Bestimmungen unwirksam sind, richtet sich der Inhalt des Vertrages nach den<br \/>\ngesetzlichen Vorschriften.<br \/>\nStand: Februar 2022<\/p>\n","protected":false},"excerpt":{"rendered":"<p>Allgemeine Gesch\u00e4ftsbedingungen F\u00fcr Weinbestellungen &#8211; HIER ZUM DOWNLOAD im \u201eWeingut Andreas Diemer, Inhaber Andreas Diemer Inhaltsverzeichnis 1. Geltungsbereich 2. Vertragsschluss, Jugendschutz 3. Widerrufsrecht 4. Preise und Zahlungsbedingungen 5. Liefer- und Versandbedingungen 6. Eigentumsvorbehalt 7. M\u00e4ngelhaftung (Gew\u00e4hrleistung) 8. Haftungsbeschr\u00e4nkungen im Verkehr mit Unternehmern 9. Anwendbares Recht 10. Gerichtsstand 11. Sonstiges 1) Geltungsbereich 1.1 Diese Allgemeinen Gesch\u00e4ftsbedingungen [&hellip;]<\/p>\n","protected":false},"author":8,"featured_media":0,"parent":0,"menu_order":0,"comment_status":"closed","ping_status":"closed","template":"","meta":{"footnotes":""},"class_list":["post-1590","page","type-page","status-publish","hentry"],"_links":{"self":[{"href":"https:\/\/www.diemer-weine.com\/weinshop\/wp-json\/wp\/v2\/pages\/1590","targetHints":{"allow":["GET"]}}],"collection":[{"href":"https:\/\/www.diemer-weine.com\/weinshop\/wp-json\/wp\/v2\/pages"}],"about":[{"href":"https:\/\/www.diemer-weine.com\/weinshop\/wp-json\/wp\/v2\/types\/page"}],"author":[{"embeddable":true,"href":"https:\/\/www.diemer-weine.com\/weinshop\/wp-json\/wp\/v2\/users\/8"}],"replies":[{"embeddable":true,"href":"https:\/\/www.diemer-weine.com\/weinshop\/wp-json\/wp\/v2\/comments?post=1590"}],"version-history":[{"count":2,"href":"https:\/\/www.diemer-weine.com\/weinshop\/wp-json\/wp\/v2\/pages\/1590\/revisions"}],"predecessor-version":[{"id":3257,"href":"https:\/\/www.diemer-weine.com\/weinshop\/wp-json\/wp\/v2\/pages\/1590\/revisions\/3257"}],"wp:attachment":[{"href":"https:\/\/www.diemer-weine.com\/weinshop\/wp-json\/wp\/v2\/media?parent=1590"}],"curies":[{"name":"wp","href":"https:\/\/api.w.org\/{rel}","templated":true}]}}